{"id":1274,"date":"2025-03-14T14:09:14","date_gmt":"2025-03-14T13:09:14","guid":{"rendered":"https:\/\/schirach-bienengesellschaft.de\/?page_id=1274"},"modified":"2025-03-14T14:09:14","modified_gmt":"2025-03-14T13:09:14","slug":"feiern-im-schirachhaus","status":"publish","type":"page","link":"https:\/\/schirach-bienengesellschaft.de\/hsb\/feiern-im-schirachhaus\/","title":{"rendered":"Swje\u0107i\u0107 w domje \u0160\u011bracha"},"content":{"rendered":"<div id=\"pl-1274\"  class=\"panel-layout\" ><div id=\"pg-1274-0\"  class=\"panel-grid panel-no-style\" ><div id=\"pgc-1274-0-0\"  class=\"panel-grid-cell\" ><div id=\"panel-1274-0-0-0\" class=\"so-panel widget widget_sow-headline panel-first-child\" data-index=\"0\" ><div class=\"so-rounded panel-widget-style panel-widget-style-for-1274-0-0-0\" ><div\n\t\t\t\n\t\t\tclass=\"so-widget-sow-headline so-widget-sow-headline-default-b1bb2461ad61-1274\"\n\t\t\t\n\t\t><div class=\"sow-headline-container\">\n\t\t\t\t\t\t\t<h1 class=\"sow-headline\">\n\t\t\t\t\t\tFeiern im Schirach-Haus in Kleinbautzen\t\t\t\t\t\t<\/h1>\n\t\t\t\t\t\t\t\t\t\t\t<div class=\"decoration\">\n\t\t\t\t\t\t<div class=\"decoration-inside\"><\/div>\n\t\t\t\t\t<\/div>\n\t\t\t\t\t<\/div>\n<\/div><\/div><\/div><div id=\"panel-1274-0-0-1\" class=\"so-panel widget widget_sow-editor\" data-index=\"1\" ><div class=\"panel-widget-style panel-widget-style-for-1274-0-0-1\" ><div\n\t\t\t\n\t\t\tclass=\"so-widget-sow-editor so-widget-sow-editor-base\"\n\t\t\t\n\t\t>\n<div class=\"siteorigin-widget-tinymce textwidget\">\n\t<p>Ab Januar 2025 k\u00f6nnen wir das Schirach-Haus wieder zur Vermietung anbieten.<\/p>\n<p>Zur Nutzung steht ein gro\u00dfer Raum f\u00fcr ca. 60 Personen, eine K\u00fcche und die entsprechenden sanit\u00e4ren Anlagen zur Verf\u00fcgung.<\/p>\n<p>Wir freuen uns, dass wir Dank der zahlreichen Sponsoren aus Kleinbautzen und Umgebung, wieder \u00fcber ausreichend Geschirr und Besteck verf\u00fcgen und dieses Haus wieder nutzen k\u00f6nnen.<\/p>\n<p>Wir freuen uns auf euch.<\/p>\n<p>Die Raumnutzungsgeb\u00fchr betr\u00e4gt 120,00 \u20ac pro Tag.<\/p>\n<p>F\u00fcr Anfragen nutzen Sie bitte das <a href=\"https:\/\/schirach-bienengesellschaft.de\/hsb\/kontakt\/\">Kontaktformular<\/a>.<\/p>\n<\/div>\n<\/div><\/div><\/div><div id=\"panel-1274-0-0-2\" class=\"so-panel widget widget_sow-slider\" data-index=\"2\" ><div\n\t\t\t\n\t\t\tclass=\"so-widget-sow-slider so-widget-sow-slider-default-439f9bd003eb-1274\"\n\t\t\t\n\t\t>\t\t\t\t<div class=\"sow-slider-base\" style=\"display: none\" tabindex=\"0\">\n\t\t\t\t\t<ul\n\t\t\t\t\tclass=\"sow-slider-images\"\n\t\t\t\t\tdata-settings=\"{&quot;pagination&quot;:true,&quot;speed&quot;:400,&quot;timeout&quot;:8000,&quot;paused&quot;:false,&quot;pause_on_hover&quot;:false,&quot;swipe&quot;:true,&quot;nav_always_show_desktop&quot;:&quot;&quot;,&quot;nav_always_show_mobile&quot;:&quot;&quot;,&quot;breakpoint&quot;:&quot;780px&quot;,&quot;unmute&quot;:false,&quot;anchor&quot;:null}\"\n\t\t\t\t\t\t\t\t\t\tdata-anchor-id=\"\"\n\t\t\t\t>\t\t<li class=\"sow-slider-image\" style=\"visibility: visible;;cursor: pointer;\" >\n\t\t\t\t\t\t\t\t\t\t<a href=\"https:\/\/schirach-bienengesellschaft.de\/wp-content\/uploads\/2025\/03\/Vermietung1.jpg\"\n\t\t\t\t\t\t\t\t\t\t\t\t\t\t\tdata-lightbox=\"120460644467c5bcdd45e45999514601\" \t\t\t\t\t\t\t\t\t\t\t\t\t\t\t\t\t\t\t\tdata-title=\"Vermietung1\" \t\t\t\t\t\t\t\t\t\t\t\t\t\t\t\t\t\t\t\tdata-lightbox-options=\"{&quot;alwaysShowNavOnTouchDevices&quot;:false,&quot;disabledOnTablet&quot;:false,&quot;disabledOnMobile&quot;:false,&quot;disableScrolling&quot;:false,&quot;overlayColor&quot;:&quot;#000&quot;,&quot;overlayOpacity&quot;:0.8000000000000000444089209850062616169452667236328125,&quot;fadeDuration&quot;:600,&quot;fitImagesInViewport&quot;:true,&quot;imageFadeDuration&quot;:600,&quot;maxHeight&quot;:&quot;&quot;,&quot;maxWidth&quot;:&quot;&quot;,&quot;positionFromTop&quot;:50,&quot;resizeDuration&quot;:700,&quot;showImageNumberLabel&quot;:true,&quot;disableCaption&quot;:&quot;&quot;,&quot;wrapAround&quot;:true,&quot;albumLabel&quot;:&quot; %1 of %2&quot;}\" \t\t\t\t\t\t\t\t\t>\n\t\t\t<img loading=\"lazy\" decoding=\"async\" width=\"900\" height=\"1200\" src=\"https:\/\/schirach-bienengesellschaft.de\/wp-content\/uploads\/2025\/03\/Vermietung1.jpg\" class=\"sow-slider-background-image\" alt=\"\" style=\"height: 800px; width: auto; margin: 0 auto;\" srcset=\"https:\/\/schirach-bienengesellschaft.de\/wp-content\/uploads\/2025\/03\/Vermietung1.jpg 900w, https:\/\/schirach-bienengesellschaft.de\/wp-content\/uploads\/2025\/03\/Vermietung1-225x300.jpg 225w, https:\/\/schirach-bienengesellschaft.de\/wp-content\/uploads\/2025\/03\/Vermietung1-768x1024.jpg 768w, https:\/\/schirach-bienengesellschaft.de\/wp-content\/uploads\/2025\/03\/Vermietung1-113x150.jpg 113w\" sizes=\"auto, (max-width: 900px) 100vw, 900px\" \/><\/a>\t\t<\/li>\n\t\t\t\t<li class=\"sow-slider-image\" style=\"visibility: hidden;;cursor: pointer;\" >\n\t\t\t\t\t\t\t\t\t\t<a href=\"https:\/\/schirach-bienengesellschaft.de\/wp-content\/uploads\/2025\/03\/Vermietung2.jpg\"\n\t\t\t\t\t\t\t\t\t\t\t\t\t\t\tdata-lightbox=\"120460644467c5bcdd45e45999514601\" \t\t\t\t\t\t\t\t\t\t\t\t\t\t\t\t\t\t\t\tdata-title=\"Vermietung2\" \t\t\t\t\t\t\t\t\t\t\t\t\t\t\t\t\t\t\t\tdata-lightbox-options=\"{&quot;alwaysShowNavOnTouchDevices&quot;:false,&quot;disabledOnTablet&quot;:false,&quot;disabledOnMobile&quot;:false,&quot;disableScrolling&quot;:false,&quot;overlayColor&quot;:&quot;#000&quot;,&quot;overlayOpacity&quot;:0.8000000000000000444089209850062616169452667236328125,&quot;fadeDuration&quot;:600,&quot;fitImagesInViewport&quot;:true,&quot;imageFadeDuration&quot;:600,&quot;maxHeight&quot;:&quot;&quot;,&quot;maxWidth&quot;:&quot;&quot;,&quot;positionFromTop&quot;:50,&quot;resizeDuration&quot;:700,&quot;showImageNumberLabel&quot;:true,&quot;disableCaption&quot;:&quot;&quot;,&quot;wrapAround&quot;:true,&quot;albumLabel&quot;:&quot; %1 of %2&quot;}\" \t\t\t\t\t\t\t\t\t>\n\t\t\t<img loading=\"lazy\" decoding=\"async\" width=\"900\" height=\"1200\" src=\"https:\/\/schirach-bienengesellschaft.de\/wp-content\/uploads\/2025\/03\/Vermietung2.jpg\" class=\"sow-slider-background-image\" alt=\"\" style=\"height: 800px; width: auto; margin: 0 auto;\" srcset=\"https:\/\/schirach-bienengesellschaft.de\/wp-content\/uploads\/2025\/03\/Vermietung2.jpg 900w, https:\/\/schirach-bienengesellschaft.de\/wp-content\/uploads\/2025\/03\/Vermietung2-225x300.jpg 225w, https:\/\/schirach-bienengesellschaft.de\/wp-content\/uploads\/2025\/03\/Vermietung2-768x1024.jpg 768w, https:\/\/schirach-bienengesellschaft.de\/wp-content\/uploads\/2025\/03\/Vermietung2-113x150.jpg 113w\" sizes=\"auto, (max-width: 900px) 100vw, 900px\" \/><\/a>\t\t<\/li>\n\t\t\t\t<li class=\"sow-slider-image\" style=\"visibility: hidden;;cursor: pointer;\" >\n\t\t\t\t\t\t\t\t\t\t<a href=\"https:\/\/schirach-bienengesellschaft.de\/wp-content\/uploads\/2025\/03\/Vermietung3.jpg\"\n\t\t\t\t\t\t\t\t\t\t\t\t\t\t\tdata-lightbox=\"120460644467c5bcdd45e45999514601\" \t\t\t\t\t\t\t\t\t\t\t\t\t\t\t\t\t\t\t\tdata-title=\"Vermietung3\" \t\t\t\t\t\t\t\t\t\t\t\t\t\t\t\t\t\t\t\tdata-lightbox-options=\"{&quot;alwaysShowNavOnTouchDevices&quot;:false,&quot;disabledOnTablet&quot;:false,&quot;disabledOnMobile&quot;:false,&quot;disableScrolling&quot;:false,&quot;overlayColor&quot;:&quot;#000&quot;,&quot;overlayOpacity&quot;:0.8000000000000000444089209850062616169452667236328125,&quot;fadeDuration&quot;:600,&quot;fitImagesInViewport&quot;:true,&quot;imageFadeDuration&quot;:600,&quot;maxHeight&quot;:&quot;&quot;,&quot;maxWidth&quot;:&quot;&quot;,&quot;positionFromTop&quot;:50,&quot;resizeDuration&quot;:700,&quot;showImageNumberLabel&quot;:true,&quot;disableCaption&quot;:&quot;&quot;,&quot;wrapAround&quot;:true,&quot;albumLabel&quot;:&quot; %1 of %2&quot;}\" \t\t\t\t\t\t\t\t\t>\n\t\t\t<img loading=\"lazy\" decoding=\"async\" width=\"900\" height=\"1200\" src=\"https:\/\/schirach-bienengesellschaft.de\/wp-content\/uploads\/2025\/03\/Vermietung3.jpg\" class=\"sow-slider-background-image\" alt=\"\" style=\"height: 800px; width: auto; margin: 0 auto;\" srcset=\"https:\/\/schirach-bienengesellschaft.de\/wp-content\/uploads\/2025\/03\/Vermietung3.jpg 900w, https:\/\/schirach-bienengesellschaft.de\/wp-content\/uploads\/2025\/03\/Vermietung3-225x300.jpg 225w, https:\/\/schirach-bienengesellschaft.de\/wp-content\/uploads\/2025\/03\/Vermietung3-768x1024.jpg 768w, https:\/\/schirach-bienengesellschaft.de\/wp-content\/uploads\/2025\/03\/Vermietung3-113x150.jpg 113w\" sizes=\"auto, (max-width: 900px) 100vw, 900px\" \/><\/a>\t\t<\/li>\n\t\t\t\t<li class=\"sow-slider-image\" style=\"visibility: hidden;;cursor: pointer;\" >\n\t\t\t\t\t\t\t\t\t\t<a href=\"https:\/\/schirach-bienengesellschaft.de\/wp-content\/uploads\/2025\/03\/Vermietung4.jpg\"\n\t\t\t\t\t\t\t\t\t\t\t\t\t\t\tdata-lightbox=\"120460644467c5bcdd45e45999514601\" \t\t\t\t\t\t\t\t\t\t\t\t\t\t\t\t\t\t\t\tdata-title=\"Vermietung4\" \t\t\t\t\t\t\t\t\t\t\t\t\t\t\t\t\t\t\t\tdata-lightbox-options=\"{&quot;alwaysShowNavOnTouchDevices&quot;:false,&quot;disabledOnTablet&quot;:false,&quot;disabledOnMobile&quot;:false,&quot;disableScrolling&quot;:false,&quot;overlayColor&quot;:&quot;#000&quot;,&quot;overlayOpacity&quot;:0.8000000000000000444089209850062616169452667236328125,&quot;fadeDuration&quot;:600,&quot;fitImagesInViewport&quot;:true,&quot;imageFadeDuration&quot;:600,&quot;maxHeight&quot;:&quot;&quot;,&quot;maxWidth&quot;:&quot;&quot;,&quot;positionFromTop&quot;:50,&quot;resizeDuration&quot;:700,&quot;showImageNumberLabel&quot;:true,&quot;disableCaption&quot;:&quot;&quot;,&quot;wrapAround&quot;:true,&quot;albumLabel&quot;:&quot; %1 of %2&quot;}\" \t\t\t\t\t\t\t\t\t>\n\t\t\t<img loading=\"lazy\" decoding=\"async\" width=\"900\" height=\"1200\" src=\"https:\/\/schirach-bienengesellschaft.de\/wp-content\/uploads\/2025\/03\/Vermietung4.jpg\" class=\"sow-slider-background-image\" alt=\"\" style=\"height: 800px; width: auto; margin: 0 auto;\" srcset=\"https:\/\/schirach-bienengesellschaft.de\/wp-content\/uploads\/2025\/03\/Vermietung4.jpg 900w, https:\/\/schirach-bienengesellschaft.de\/wp-content\/uploads\/2025\/03\/Vermietung4-225x300.jpg 225w, https:\/\/schirach-bienengesellschaft.de\/wp-content\/uploads\/2025\/03\/Vermietung4-768x1024.jpg 768w, https:\/\/schirach-bienengesellschaft.de\/wp-content\/uploads\/2025\/03\/Vermietung4-113x150.jpg 113w\" sizes=\"auto, (max-width: 900px) 100vw, 900px\" \/><\/a>\t\t<\/li>\n\t\t\t\t<li class=\"sow-slider-image\" style=\"visibility: hidden;;cursor: pointer;\" >\n\t\t\t\t\t\t\t\t\t\t<a href=\"https:\/\/schirach-bienengesellschaft.de\/wp-content\/uploads\/2025\/03\/Vermietung5.jpg\"\n\t\t\t\t\t\t\t\t\t\t\t\t\t\t\tdata-lightbox=\"120460644467c5bcdd45e45999514601\" \t\t\t\t\t\t\t\t\t\t\t\t\t\t\t\t\t\t\t\tdata-title=\"Vermietung5\" \t\t\t\t\t\t\t\t\t\t\t\t\t\t\t\t\t\t\t\tdata-lightbox-options=\"{&quot;alwaysShowNavOnTouchDevices&quot;:false,&quot;disabledOnTablet&quot;:false,&quot;disabledOnMobile&quot;:false,&quot;disableScrolling&quot;:false,&quot;overlayColor&quot;:&quot;#000&quot;,&quot;overlayOpacity&quot;:0.8000000000000000444089209850062616169452667236328125,&quot;fadeDuration&quot;:600,&quot;fitImagesInViewport&quot;:true,&quot;imageFadeDuration&quot;:600,&quot;maxHeight&quot;:&quot;&quot;,&quot;maxWidth&quot;:&quot;&quot;,&quot;positionFromTop&quot;:50,&quot;resizeDuration&quot;:700,&quot;showImageNumberLabel&quot;:true,&quot;disableCaption&quot;:&quot;&quot;,&quot;wrapAround&quot;:true,&quot;albumLabel&quot;:&quot; %1 of %2&quot;}\" \t\t\t\t\t\t\t\t\t>\n\t\t\t<img loading=\"lazy\" decoding=\"async\" width=\"900\" height=\"1200\" src=\"https:\/\/schirach-bienengesellschaft.de\/wp-content\/uploads\/2025\/03\/Vermietung5.jpg\" class=\"sow-slider-background-image\" alt=\"\" style=\"height: 800px; width: auto; margin: 0 auto;\" srcset=\"https:\/\/schirach-bienengesellschaft.de\/wp-content\/uploads\/2025\/03\/Vermietung5.jpg 900w, https:\/\/schirach-bienengesellschaft.de\/wp-content\/uploads\/2025\/03\/Vermietung5-225x300.jpg 225w, https:\/\/schirach-bienengesellschaft.de\/wp-content\/uploads\/2025\/03\/Vermietung5-768x1024.jpg 768w, https:\/\/schirach-bienengesellschaft.de\/wp-content\/uploads\/2025\/03\/Vermietung5-113x150.jpg 113w\" sizes=\"auto, (max-width: 900px) 100vw, 900px\" \/><\/a>\t\t<\/li>\n\t\t<\/ul>\t\t\t\t<ol class=\"sow-slider-pagination\">\n\t\t\t\t\t\t\t\t\t\t\t<li><a href=\"#\" data-goto=\"0\" aria-label=\"Display slide 1\"><\/a><\/li>\n\t\t\t\t\t\t\t\t\t\t\t<li><a href=\"#\" data-goto=\"1\" aria-label=\"Display slide 2\"><\/a><\/li>\n\t\t\t\t\t\t\t\t\t\t\t<li><a href=\"#\" data-goto=\"2\" aria-label=\"Display slide 3\"><\/a><\/li>\n\t\t\t\t\t\t\t\t\t\t\t<li><a href=\"#\" data-goto=\"3\" aria-label=\"Display slide 4\"><\/a><\/li>\n\t\t\t\t\t\t\t\t\t\t\t<li><a href=\"#\" data-goto=\"4\" aria-label=\"Display slide 5\"><\/a><\/li>\n\t\t\t\t\t\t\t\t\t<\/ol>\n\n\t\t\t\t<div class=\"sow-slide-nav sow-slide-nav-next\">\n\t\t\t\t\t<a href=\"#\" data-goto=\"next\" aria-label=\"Next slide\" data-action=\"next\">\n\t\t\t\t\t\t<em class=\"sow-sld-icon-thin-right\"><\/em>\n\t\t\t\t\t<\/a>\n\t\t\t\t<\/div>\n\n\t\t\t\t<div class=\"sow-slide-nav sow-slide-nav-prev\">\n\t\t\t\t\t<a href=\"#\" data-goto=\"previous\" aria-label=\"Previous slide\" data-action=\"prev\">\n\t\t\t\t\t\t<em class=\"sow-sld-icon-thin-left\"><\/em>\n\t\t\t\t\t<\/a>\n\t\t\t\t<\/div>\n\t\t\t\t<\/div><\/div><\/div><div id=\"panel-1274-0-0-3\" class=\"so-panel widget widget_sow-features panel-last-child\" data-index=\"3\" ><div\n\t\t\t\n\t\t\tclass=\"so-widget-sow-features so-widget-sow-features-default-d4fec59db4e9-1274\"\n\t\t\t\n\t\t><ul\n\tclass=\"sow-features-list\tsow-features-responsive\">\n\n\t\t\t<li\n\t\t\tclass=\"sow-features-feature sow-icon-container-position-top\"\n\t\t\tstyle=\"display: flex; flex-direction: column; width: calc(33.333% - 25px);\"\n\t\t>\n\t\t\t\n\t\t\t\t\t\t<a\t\t\t\tclass=\"sow-icon-container sow-container-none\"\n\t\t\t\tstyle=\"color: #404040; \"\n\t\t\t\ttitle=\"Nutzungsvertrag Schirachhaus\"\n\t\t\t\t\t\t\t\t\thref=\"https:\/\/schirach-bienengesellschaft.de\/wp-content\/uploads\/2025\/03\/Raumnutzungsvertrag-zur-Vermietung-des-Schirachhauses.pdf\"\n\t\t\t\t\ttarget=\"_blank\" rel=\"noopener noreferrer\"\t\t\t>\n\t\t\t\t<span class=\"sow-icon-fontawesome sow-far\" data-sow-icon=\"&#xf1c1;\"\n\t\tstyle=\"font-size: 100px; color: #ee7e34\" \n\t\taria-hidden=\"true\"><\/span>\t\t\t<\/a>\n\n\t\t\t<div class=\"textwidget\">\n\t\t\t\t\n\t\t\t\t\t\t\t\t\t<h5 class=\"sow-features-feature-title\">\n\t\t\t\t\t\t\t\t\t\t\t\t\t<a\n\t\t\t\t\t\t\t\thref=\"https:\/\/schirach-bienengesellschaft.de\/wp-content\/uploads\/2025\/03\/Raumnutzungsvertrag-zur-Vermietung-des-Schirachhauses.pdf\"\n\t\t\t\t\t\t\t\ttarget=\"_blank\" rel=\"noopener noreferrer\"\t\t\t\t\t\t\t>\n\t\t\t\t\t\t\tNutzungsvertrag Schirachhaus\t\t\t\t\t\t\t<\/a>\n\t\t\t\t\t\t\t\t\t\t\t\t<\/h5>\n\t\t\t\t\n\t\t\t\t\t\t\t<\/div>\n\t\t\t\t\t\t\t\t<\/li>\n\n\t<\/ul>\n<\/div><\/div><\/div><\/div><\/div>","protected":false},"excerpt":{"rendered":"<p>Ab Januar 2025 k\u00f6nnen wir das Schirach-Haus wieder zur Vermietung anbieten. Zur Nutzung steht ein gro\u00dfer Raum f\u00fcr ca. 60 Personen, eine K\u00fcche und die entsprechenden sanit\u00e4ren Anlagen zur Verf\u00fcgung. Wir freuen uns, dass wir Dank der zahlreichen Sponsoren aus Kleinbautzen und Umgebung, wieder \u00fcber ausreichend Geschirr und Besteck verf\u00fcgen und dieses Haus wieder nutzen [&hellip;]<\/p>\n","protected":false},"author":1,"featured_media":0,"parent":0,"menu_order":0,"comment_status":"closed","ping_status":"closed","template":"","meta":{"footnotes":""},"class_list":["post-1274","page","type-page","status-publish","hentry","post"],"_links":{"self":[{"href":"https:\/\/schirach-bienengesellschaft.de\/hsb\/wp-json\/wp\/v2\/pages\/1274","targetHints":{"allow":["GET"]}}],"collection":[{"href":"https:\/\/schirach-bienengesellschaft.de\/hsb\/wp-json\/wp\/v2\/pages"}],"about":[{"href":"https:\/\/schirach-bienengesellschaft.de\/hsb\/wp-json\/wp\/v2\/types\/page"}],"author":[{"embeddable":true,"href":"https:\/\/schirach-bienengesellschaft.de\/hsb\/wp-json\/wp\/v2\/users\/1"}],"replies":[{"embeddable":true,"href":"https:\/\/schirach-bienengesellschaft.de\/hsb\/wp-json\/wp\/v2\/comments?post=1274"}],"version-history":[{"count":1,"href":"https:\/\/schirach-bienengesellschaft.de\/hsb\/wp-json\/wp\/v2\/pages\/1274\/revisions"}],"predecessor-version":[{"id":1275,"href":"https:\/\/schirach-bienengesellschaft.de\/hsb\/wp-json\/wp\/v2\/pages\/1274\/revisions\/1275"}],"wp:attachment":[{"href":"https:\/\/schirach-bienengesellschaft.de\/hsb\/wp-json\/wp\/v2\/media?parent=1274"}],"curies":[{"name":"wp","href":"https:\/\/api.w.org\/{rel}","templated":true}]}}